{"id":66,"date":"2011-06-12T21:15:46","date_gmt":"2011-06-12T19:15:46","guid":{"rendered":"http:\/\/tcmpraxis.bplaced.net\/wordpress\/?page_id=66"},"modified":"2012-02-24T18:55:56","modified_gmt":"2012-02-24T17:55:56","slug":"traditionelle-chinesische-medizin","status":"publish","type":"page","link":"https:\/\/www.ef-tcm.at\/?page_id=66","title":{"rendered":"Traditionelle Chinesische Medizin"},"content":{"rendered":"<p>Die Chinesische Medizin z\u00e4hlt zweifelsfrei zu den lebendigsten und viel versprechendsten Medizinsystemen unserer Zeit. Das Besondere ist die ganzheitliche Sichtweise von Mensch und Natur.<\/p>\n<p>Bei der <a href=\"http:\/\/ef-tcm.at\/?page_id=2\">Behandlung<\/a> werden sowohl k\u00f6rperliche als auch soziale, meteorologische und psychische Einfl\u00fcsse ber\u00fccksichtigt. In China steht die chinesische Arzneimitteltherapie noch vor der Akupunktur an erster Stelle. Mein Hauptinteresse gilt der integrierten chinesischen Medizin, welche die Integration der westlichen Medizin in die chinesische als Weiterentwicklung betreibt. Eine Kombination kann zu einer umfassenden medizinischen Versorgung beitragen.<\/p>\n<p>Die Chinesische Medizin empfiehlt sich auch hervorragend im Bereich der Kinderheilkunde.<\/p>\n<p><strong>Erkrankungen, welche sich mit chinesischer Medizin unter anderem besonders gut behandeln lassen:<\/strong><\/p>\n<p>\u2022 Allergien<br \/>\n\u2022 Magen-Darm-Erkrankungen<br \/>\n\u2022 Klimakterische Beschwerden<br \/>\n\u2022 Arterielle Hypertonie<br \/>\n\u2022 Stoffwechselerkrankungen (Diabetes mellitus, Fettstoffwechselst\u00f6rungen)<br \/>\n\u2022 Schlafst\u00f6rungen, Panikattacken<br \/>\n\u2022 Depression, Burn out<br \/>\n\u2022 Hauterkrankungen<br \/>\n\u2022 Nahrungsmittelunvertr\u00e4glichkeiten<br \/>\n\u2022 Neurologische Erkrankungen (Schlaganfall, Schwindel, etc.)<br \/>\n\u2022 Chronische Schmerzen<br \/>\n\u2022 Allgemeine Schw\u00e4che, Blutarmut<br \/>\n\u2022 Urologische Erkrankungen (chronische Prostatitis, etc.)<\/p>\n<p>Eine ganzheitliche Behandlung mit dem Fokus auf die Ursache der Erkrankung ist mir in meiner <a href=\"http:\/\/ef-tcm.at\/?page_id=33\">Praxis<\/a> durch die gezielte Anwendung von chinesischen Kr\u00e4utern, Akupunktur und westlichen Kr\u00e4utern m\u00f6glich.<\/p>\n<p>\u201eDie Kunst der gesunden  Lebensf\u00fchrung\u201c &#8211; gemeinsam mit dem Patienten Wege zu einem gesunden Leben im Sinne von K\u00f6rper, Geist und Seele zu finden ist von gro\u00dfer Bedeutung!<\/p>\n","protected":false},"excerpt":{"rendered":"<p>Die Chinesische Medizin z\u00e4hlt zweifelsfrei zu den lebendigsten und viel versprechendsten Medizinsystemen unserer Zeit. Das Besondere ist die ganzheitliche Sichtweise von Mensch und Natur. Bei der Behandlung werden sowohl k\u00f6rperliche als auch soziale, meteorologische und psychische Einfl\u00fcsse ber\u00fccksichtigt. In China steht die chinesische Arzneimitteltherapie noch vor der Akupunktur an erster&#8230;<\/p>\n","protected":false},"author":1,"featured_media":0,"parent":0,"menu_order":0,"comment_status":"closed","ping_status":"open","template":"","meta":{"footnotes":""},"class_list":["post-66","page","type-page","status-publish","hentry"],"_links":{"self":[{"href":"https:\/\/www.ef-tcm.at\/index.php?rest_route=\/wp\/v2\/pages\/66","targetHints":{"allow":["GET"]}}],"collection":[{"href":"https:\/\/www.ef-tcm.at\/index.php?rest_route=\/wp\/v2\/pages"}],"about":[{"href":"https:\/\/www.ef-tcm.at\/index.php?rest_route=\/wp\/v2\/types\/page"}],"author":[{"embeddable":true,"href":"https:\/\/www.ef-tcm.at\/index.php?rest_route=\/wp\/v2\/users\/1"}],"replies":[{"embeddable":true,"href":"https:\/\/www.ef-tcm.at\/index.php?rest_route=%2Fwp%2Fv2%2Fcomments&post=66"}],"version-history":[{"count":12,"href":"https:\/\/www.ef-tcm.at\/index.php?rest_route=\/wp\/v2\/pages\/66\/revisions"}],"predecessor-version":[{"id":144,"href":"https:\/\/www.ef-tcm.at\/index.php?rest_route=\/wp\/v2\/pages\/66\/revisions\/144"}],"wp:attachment":[{"href":"https:\/\/www.ef-tcm.at\/index.php?rest_route=%2Fwp%2Fv2%2Fmedia&parent=66"}],"curies":[{"name":"wp","href":"https:\/\/api.w.org\/{rel}","templated":true}]}}